{"id":1717,"date":"2026-01-06T22:41:40","date_gmt":"2026-01-06T22:41:40","guid":{"rendered":"https:\/\/craftnadia.com\/home\/"},"modified":"2026-04-06T20:24:11","modified_gmt":"2026-04-06T20:24:11","slug":"home","status":"publish","type":"page","link":"https:\/\/craftnadia.com\/","title":{"rendered":"Home"},"content":{"rendered":"<div data-spectra-id=\"5c04d5a8\"\tstyle=\"overflow: visible; --spectra-background-gradient: linear-gradient(180deg, #efeef4 0%, #ffffff00 32%);\" class=\"spectra-is-root-container alignfull spectra-overlay-color spectra-overflow spectra-background-gradient wp-block-spectra-container\" data-orientation=\"vertical\"\t>\n\t\n<div data-spectra-id=\"spectra-mfqwu59n-laoz8z\" style=\"overflow: visible;--spectra-overlay-opacity: 0.45;--spectra-box-shadow: -34px 8px 16px 0px transparent\" class=\"spectra-overlay-color spectra-overflow spectra-dim-ratio spectra-box-shadow wp-block-spectra-container\" data-orientation=\"vertical\">\n\t\n<div data-spectra-id=\"spectra-10edda5a-root\" style=\"overflow: visible\" class=\"spectra-overlay-color spectra-overflow wp-block-spectra-container\" data-orientation=\"vertical\">\n\t\n\n\n\t<h1 data-spectra-id=\"spectra-10edda5a-title\" style=\"--spectra-text-color: ast-global-color-5\" class=\"has-text-color has-link-color spectra-text-color wp-elements-8f803e03b298f0d2d1e7a83162c4eb7a wp-block-spectra-content has-text-color has-ast-global-color-5-color\">\n\t\t<strong>Lib\u00e9rez la cr\u00e9ativit\u00e9 de votre enfant avec nos kits de peinture sur pl\u00e2tre !<\/strong>\t<\/h1>\n\n\n<div data-spectra-id=\"spectra-10edda5a-btns\" style=\"--spectra-z-index: 545\" class=\"wp-block-button spectra-buttons wp-block-spectra-buttons has-z-index\">\n\t\n<a data-spectra-id=\"spectra-10edda5a-btn\" href=\"https:\/\/craftnadia.com\/?page_id=70\" target=\"_self\" aria-label=\"JE VEUX MON KIT !\" style=\"--spectra-text-color: black;--spectra-background-color: luminous-vivid-orange\" class=\"wp-block-button__link wp-element-button spectra-text-color spectra-background-color wp-elements-03b310422542909a612751afeb0b7428 wp-block-spectra-button has-text-color has-black-color has-background has-luminous-vivid-orange-background-color\">\n<div class=\"spectra-button__link\">JE VEUX MON KIT !<\/div><\/a>\n\n<\/div>\n\n<\/div>\n\n<\/div>\n\n<\/div>\n\n\n<div data-spectra-id=\"spectra-mk4k13i0-jacrci\" style=\"display: flex; justify-content: center; \" class=\"wp-block-spectra-separator wp-block-spectra-separator\">\n\t<div class=\"spectra-separator-line\" style=\"margin-left: auto; margin-right: auto; background-color: currentColor; \"><\/div>\n<\/div>\n\n\n<div data-spectra-id=\"spectra-mk4jyv10-o5qsho\"\tstyle=\"overflow: visible;\" class=\"spectra-is-root-container alignfull spectra-overlay-color spectra-overflow wp-block-spectra-container\" data-orientation=\"vertical\"\t>\n\t\n\t<h2 data-spectra-id=\"spectra-mk4mfq4q-6fjy07\" class=\"wp-block-spectra-content\">\n\t\t<strong>Pourquoi c\u2019est g\u00e9nial ?<\/strong>\t<\/h2>\n\n<\/div>\n\n\n<div data-spectra-id=\"48d6e5e1\"\tstyle=\"overflow: visible;\" class=\"spectra-is-root-container alignfull spectra-overlay-color spectra-overflow wp-block-spectra-container\" data-orientation=\"vertical\"\t>\n\t\n<div data-spectra-id=\"spectra-mfqwuhud-iq64tz\" style=\"overflow: visible\" class=\"spectra-overlay-color spectra-overflow wp-block-spectra-container\" data-orientation=\"vertical\">\n\t\n<div data-spectra-id=\"381b87c6\" style=\"overflow: visible\" class=\"spectra-overlay-color spectra-overflow wp-block-spectra-container\" data-orientation=\"horizontal\">\n\t\n<div data-spectra-id=\"b48e4061\" style=\"overflow: visible\" class=\"spectra-overlay-color spectra-overflow wp-block-spectra-container\" data-orientation=\"vertical\">\n\t\n\n<figure data-spectra-id=\"spectra-mghy8hdt-mepkqk\" class=\"wp-block-image aligncenter size-full is-resized has-custom-border\"><img loading=\"lazy\" decoding=\"async\" width=\"611\" height=\"673\" src=\"http:\/\/craftnadia.com\/wp-content\/uploads\/2026\/01\/developpelacreativite.png\" alt=\"Developpelacreativite\" class=\"wp-image-1808\" title=\"BOX Personnalis\u00e9 - 5 th\u00e8mes minimum\" srcset=\"https:\/\/craftnadia.com\/wp-content\/uploads\/2026\/01\/developpelacreativite.png 611w, https:\/\/craftnadia.com\/wp-content\/uploads\/2026\/01\/developpelacreativite-272x300.png 272w, https:\/\/craftnadia.com\/wp-content\/uploads\/2026\/01\/developpelacreativite-600x661.png 600w\" sizes=\"auto, (max-width: 611px) 100vw, 611px\" \/><\/figure>\n\n\n<div data-spectra-id=\"spectra-6a9c2396-root\" style=\"overflow: visible\" class=\"spectra-overlay-color spectra-overflow wp-block-spectra-container\" data-orientation=\"vertical\">\n\t\n\t<h4 data-spectra-id=\"spectra-6a9c2396-title\" class=\"wp-block-spectra-content\">\n\t\t<strong>D\u00e9veloppe la cr\u00e9ativit\u00e9 &amp; la motricit\u00e9 fine<\/strong>\t<\/h4>\n\n\n\t<p data-spectra-id=\"spectra-6a9c2396-desc\" class=\"wp-block-spectra-content\">\n\t\tApprendre en s\u2019amusant, c\u2019est le meilleur moyen de grandir\t<\/p>\n\n<\/div>\n\n<\/div>\n\n\n<div data-spectra-id=\"spectra-582ef34d\" style=\"overflow: visible;--spectra-overlay-opacity: 1\" class=\"spectra-overlay-color spectra-overflow spectra-dim-ratio wp-block-spectra-container\" data-orientation=\"vertical\">\n\t\n\n<figure data-spectra-id=\"spectra-mghy8hdw-1zqta2\" class=\"wp-block-image aligncenter size-full is-resized has-custom-border\"><img loading=\"lazy\" decoding=\"async\" width=\"611\" height=\"673\" src=\"https:\/\/craftnadia.com\/wp-content\/uploads\/2026\/01\/loin_des_ecrans1.png\" alt=\"Loin Des Ecrans1\" class=\"wp-image-1809\" title=\"BOX Personnalis\u00e9 - 5 th\u00e8mes minimum\" srcset=\"https:\/\/craftnadia.com\/wp-content\/uploads\/2026\/01\/loin_des_ecrans1.png 611w, https:\/\/craftnadia.com\/wp-content\/uploads\/2026\/01\/loin_des_ecrans1-272x300.png 272w, https:\/\/craftnadia.com\/wp-content\/uploads\/2026\/01\/loin_des_ecrans1-600x661.png 600w\" sizes=\"auto, (max-width: 611px) 100vw, 611px\" \/><\/figure>\n\n\n<div data-spectra-id=\"spectra-6fbc25e5-root\" style=\"overflow: visible\" class=\"spectra-overlay-color spectra-overflow wp-block-spectra-container\" data-orientation=\"vertical\">\n\t\n\t<h4 data-spectra-id=\"spectra-6fbc25e5-title\" class=\"wp-block-spectra-content\">\n\t\t<strong>Loin des \u00e9crans<\/strong>\t<\/h4>\n\n\n\t<p data-spectra-id=\"spectra-6fbc25e5-desc\" class=\"wp-block-spectra-content\">\n\t\t Une activit\u00e9 saine qui captive leur attention pendant des heures\t<\/p>\n\n<\/div>\n\n<\/div>\n\n\n<div data-spectra-id=\"spectra-5d71f9c7-7bdb-4949-8ed1-f212520d36bd\" style=\"overflow: visible\" class=\"spectra-overlay-color spectra-overflow wp-block-spectra-container\" data-orientation=\"vertical\">\n\t\n\n<figure data-spectra-id=\"spectra-mghy8hdy-xhx9ms\" style=\"--spectra-z-index: 355\" class=\"wp-block-image size-full is-resized has-custom-border has-z-index\"><img loading=\"lazy\" decoding=\"async\" width=\"611\" height=\"673\" src=\"https:\/\/craftnadia.com\/wp-content\/uploads\/2026\/01\/toutinclus1.png\" alt=\"Toutinclus1\" class=\"wp-image-1810\" title=\"BOX Personnalis\u00e9 - 5 th\u00e8mes minimum\" srcset=\"https:\/\/craftnadia.com\/wp-content\/uploads\/2026\/01\/toutinclus1.png 611w, https:\/\/craftnadia.com\/wp-content\/uploads\/2026\/01\/toutinclus1-272x300.png 272w, https:\/\/craftnadia.com\/wp-content\/uploads\/2026\/01\/toutinclus1-600x661.png 600w\" sizes=\"auto, (max-width: 611px) 100vw, 611px\" \/><\/figure>\n\n\n<div data-spectra-id=\"spectra-c05fce1d-4169-4ea1-ac04-4dcc23f61516\" style=\"overflow: visible\" class=\"spectra-overlay-color spectra-overflow wp-block-spectra-container\" data-orientation=\"vertical\">\n\t\n\t<h4 data-spectra-id=\"spectra-1bd7300f-375f-49a0-abf8-eb7fa58c5690\" class=\"wp-block-spectra-content\">\n\t\t<strong>Tout est dans la bo\u00eete<\/strong>\t<\/h4>\n\n\n\t<p data-spectra-id=\"spectra-766f7b10-1195-4949-ac81-a4440a604984\" class=\"wp-block-spectra-content\">\n\t\tPlus besoin de courir les magasins. Figurines en pl\u00e2tre, peintures vives et pinceaux adapt\u00e9s : le kit est pr\u00eat \u00e0 l&#8217;emploi.\t<\/p>\n\n<\/div>\n\n<\/div>\n\n<\/div>\n\n<\/div>\n\n<\/div>\n\n\n<div data-spectra-id=\"spectra-mk4l45c4-90ce5d\"\tstyle=\"overflow: visible;\" class=\"spectra-is-root-container alignfull spectra-overlay-color spectra-overflow wp-block-spectra-container\" data-orientation=\"vertical\"\t>\n\t\n<div data-spectra-id=\"spectra-mk4l4auw-ugm7g8\" style=\"overflow: visible\" class=\"spectra-overlay-color spectra-overflow wp-block-spectra-container\" data-orientation=\"vertical\">\n\t\n\n<figure data-spectra-id=\"spectra-mk4l4hf6-x82kyv\" class=\"wp-block-image size-full\"><img loading=\"lazy\" decoding=\"async\" width=\"200\" height=\"211\" src=\"https:\/\/craftnadia.com\/wp-content\/uploads\/2026\/01\/feuille_goute-2.png\" alt=\"Feuille Goute 2\" class=\"wp-image-1827\" title=\"BOX Personnalis\u00e9 - 5 th\u00e8mes minimum\"><\/figure>\n\n<\/div>\n\n\n<div data-spectra-id=\"spectra-mk4l4av2-r28hdm\" style=\"overflow: visible\" class=\"spectra-overlay-color spectra-overflow wp-block-spectra-container\" data-orientation=\"vertical\">\n\t\n\t<h2 data-spectra-id=\"spectra-mk4mgmeg-g6kheh\" class=\"wp-block-spectra-content\">\n\t\tCr\u00e9ativit\u00e9 100% Sereine : Peinture Bio &amp; S\u00fbre\t<\/h2>\n\n\n\t<h3 data-spectra-id=\"spectra-mk4lem8s-tpud4v\" class=\"wp-block-spectra-content\">\n\t\tNous savons que les artistes en herbe \u00ab\u00a0go\u00fbtent\u00a0\u00bb parfois leur mat\u00e9riel. Pas de panique !<br>Nos peintures sont <strong>bio<\/strong>. Si jamais un peu de peinture finit dans la bouche plut\u00f4t que sur le pl\u00e2tre, <strong>il n&rsquo;y a aucun danger d&#8217;empoisonnement<\/strong>. L&rsquo;esprit tranquille pour vous, le plaisir pur pour eux.\t<\/h3>\n\n<\/div>\n\n<\/div>\n\n\n\n<p class=\"has-z-index\" style=\"--spectra-z-index: 413;\"><\/p>\n\n\n\n<h2 class=\"wp-block-heading\">Besoin d&rsquo;un pack ?<\/h2>\n\n\n\n<p><\/p>\n\n\n<div data-spectra-id=\"spectra-mnnmjugo-m5zvm8\"\tstyle=\"overflow: visible;\" class=\"spectra-is-root-container alignfull spectra-overlay-color spectra-overflow wp-block-spectra-container\" data-orientation=\"vertical\"\t>\n\t\n\n<div data-block-name=\"woocommerce\/single-product\" data-product-id=\"1922\" data-wp-context=\"{&quot;productId&quot;:1922,&quot;variationId&quot;:null}\" data-wp-interactive=\"woocommerce\/single-product\" class=\"wp-block-woocommerce-single-product woocommerce\">\n<div class=\"wp-block-columns is-layout-flex wp-container-core-columns-is-layout-28f84493 wp-block-columns-is-layout-flex\">\n<div class=\"wp-block-column is-layout-flow wp-block-column-is-layout-flow\"><div data-block-name=\"woocommerce\/product-image\" data-is-descendent-of-single-product-block=\"true\" data-show-sale-badge=\"false\" class=\"wc-block-components-product-image wc-block-grid__product-image wc-block-components-product-image--aspect-ratio-auto wp-block-woocommerce-product-image\"><a href=\"https:\/\/craftnadia.com\/?product=pack-de-40-pieces\" data-wp-on--click=\"woocommerce\/product-collection::actions.viewProduct\"><img loading=\"lazy\" decoding=\"async\" width=\"600\" height=\"450\" src=\"https:\/\/craftnadia.com\/wp-content\/uploads\/2026\/02\/IMG-20260227-WA0145-600x450.jpg\" class=\"attachment-woocommerce_single size-woocommerce_single\" alt=\"pack de 40 pi\u00e8ces\" data-testid=\"product-image\" data-image-id=\"2046\" style=\"object-fit:cover\" title=\"BOX Personnalis\u00e9 - 5 th\u00e8mes minimum\"><div class=\"wc-block-components-product-image__inner-container\">\n\n<\/div><\/a><\/div><\/div>\n\n\n\n<div class=\"wp-block-column is-layout-flow wp-block-column-is-layout-flow\"><h2 class=\"wp-block-post-title\"><a href=\"https:\/\/craftnadia.com\/?product=pack-de-40-pieces\" target=\"_self\">Pack de 40 pi\u00e8ces<\/a><\/h2>\n\n<div data-block-name=\"woocommerce\/product-price\" data-is-descendent-of-single-product-block=\"true\" class=\"wp-block-woocommerce-product-price\"><div class=\"wc-block-components-product-price wc-block-grid__product-price\">\n\t\t\t\t\t<span class=\"woocommerce-Price-amount amount\">125.00<span class=\"woocommerce-Price-currencySymbol\">&#x62f;.&#x645;.<\/span><\/span>\n\t\t\t\t<\/div><\/div>\n\n<div data-block-name=\"woocommerce\/add-to-cart-form\" class=\"wp-block-add-to-cart-form wc-block-add-to-cart-form wc-block-add-to-cart-form--input wp-block-woocommerce-add-to-cart-form\">\n\t\n\t<form class=\"cart\" action=\"https:\/\/craftnadia.com\/?product=pack-de-40-pieces\" method=\"post\" enctype='multipart\/form-data'>\n\t\t\n\t\t<div class=\"quantity\">\n\t\t<label class=\"screen-reader-text\" for=\"quantity_69e2ce288cd2d\">quantit\u00e9 de Pack de 40 pi\u00e8ces<\/label>\n\t<input type=\"number\" id=\"quantity_69e2ce288cd2d\" class=\"input-text qty text\" name=\"quantity\" value=\"1\" aria-label=\"Quantit\u00e9 de produits\" min=\"1\" step=\"1\" placeholder=\"\" autocomplete=\"off\" \/>\n\t<\/div>\n\n\t\t<button type=\"submit\" name=\"add-to-cart\" value=\"1922\" class=\"single_add_to_cart_button button alt\">Ajouter au panier<\/button>\n\n\t\t\t<\/form>\n\n\t\n<\/div>\n\n\n<div data-block-name=\"woocommerce\/product-meta\" class=\"wp-block-woocommerce-product-meta\"><\/div>\n<\/div>\n<\/div>\n<\/div>\n\n<\/div>\n\n\n\n<h2 style=\"--spectra-z-index: 420;\" class=\"wp-block-heading has-z-index\">Ou bien vous voulez personnaliser votre Box ?<\/h2>\n\n\n<div data-spectra-id=\"spectra-mnnmq66z-pn9u7t\"\tstyle=\"overflow: visible;\" class=\"spectra-is-root-container alignfull spectra-overlay-color spectra-overflow wp-block-spectra-container\" data-orientation=\"vertical\"\t>\n\t\n\n<div data-block-name=\"woocommerce\/single-product\" data-product-id=\"1976\" data-wp-context=\"{&quot;productId&quot;:1976,&quot;variationId&quot;:null}\" data-wp-interactive=\"woocommerce\/single-product\" class=\"wp-block-woocommerce-single-product woocommerce\">\n<div class=\"wp-block-columns is-layout-flex wp-container-core-columns-is-layout-28f84493 wp-block-columns-is-layout-flex\">\n<div class=\"wp-block-column is-layout-flow wp-block-column-is-layout-flow\"><div data-block-name=\"woocommerce\/product-image\" data-is-descendent-of-single-product-block=\"true\" data-show-sale-badge=\"false\" class=\"wc-block-components-product-image wc-block-grid__product-image wc-block-components-product-image--aspect-ratio-auto wp-block-woocommerce-product-image\"><a href=\"https:\/\/craftnadia.com\/?product=box-de-themes\" data-wp-on--click=\"woocommerce\/product-collection::actions.viewProduct\"><img loading=\"lazy\" decoding=\"async\" width=\"600\" height=\"450\" src=\"https:\/\/craftnadia.com\/wp-content\/uploads\/2026\/02\/IMG-20260227-WA0090-600x450.jpg\" class=\"attachment-woocommerce_single size-woocommerce_single\" alt=\"box personnalis\u00e9 5 th\u00e8mes minimum\" data-testid=\"product-image\" data-image-id=\"2003\" style=\"object-fit:cover\" title=\"BOX Personnalis\u00e9 - 5 th\u00e8mes minimum\"><div class=\"wc-block-components-product-image__inner-container\">\n\n<\/div><\/a><\/div><\/div>\n\n\n\n<div class=\"wp-block-column is-layout-flow wp-block-column-is-layout-flow\"><h2 class=\"wp-block-post-title\"><a href=\"https:\/\/craftnadia.com\/?product=box-de-themes\" target=\"_self\">BOX Personnalis\u00e9 &#8211; 5 th\u00e8mes minimum<\/a><\/h2>\n\n\n<div data-block-name=\"woocommerce\/product-meta\" class=\"wp-block-woocommerce-product-meta\"><\/div>\n<\/div>\n<\/div>\n<\/div>\n\n<\/div>\n\n\n\n<p><\/p>\n","protected":false},"excerpt":{"rendered":"<p>Besoin d&rsquo;un pack ? Ou bien vous voulez personnaliser votre Box ?<\/p>\n","protected":false},"author":1,"featured_media":0,"parent":0,"menu_order":0,"comment_status":"closed","ping_status":"closed","template":"","meta":{"_uag_custom_page_level_css":"","site-sidebar-layout":"default","site-content-layout":"plain-container","ast-site-content-layout":"full-width-container","site-content-style":"unboxed","site-sidebar-style":"unboxed","ast-global-header-display":"","ast-banner-title-visibility":"","ast-main-header-display":"","ast-hfb-above-header-display":"","ast-hfb-below-header-display":"","ast-hfb-mobile-header-display":"","site-post-title":"disabled","ast-breadcrumbs-content":"","ast-featured-img":"disabled","footer-sml-layout":"","ast-disable-related-posts":"","theme-transparent-header-meta":"enabled","adv-header-id-meta":"","stick-header-meta":"","header-above-stick-meta":"","header-main-stick-meta":"","header-below-stick-meta":"","astra-migrate-meta-layouts":"set","ast-page-background-enabled":"default","ast-page-background-meta":{"desktop":{"background-color":"","background-image":"","background-repeat":"repeat","background-position":"center center","background-size":"auto","background-attachment":"scroll","background-type":"","background-media":"","overlay-type":"","overlay-color":"","overlay-opacity":"","overlay-gradient":""},"tablet":{"background-color":"","background-image":"","background-repeat":"repeat","background-position":"center center","background-size":"auto","background-attachment":"scroll","background-type":"","background-media":"","overlay-type":"","overlay-color":"","overlay-opacity":"","overlay-gradient":""},"mobile":{"background-color":"","background-image":"","background-repeat":"repeat","background-position":"center center","background-size":"auto","background-attachment":"scroll","background-type":"","background-media":"","overlay-type":"","overlay-color":"","overlay-opacity":"","overlay-gradient":""}},"ast-content-background-meta":{"desktop":{"background-color":"var(--ast-global-color-5)","background-image":"","background-repeat":"repeat","background-position":"center center","background-size":"auto","background-attachment":"scroll","background-type":"","background-media":"","overlay-type":"","overlay-color":"","overlay-opacity":"","overlay-gradient":""},"tablet":{"background-color":"var(--ast-global-color-5)","background-image":"","background-repeat":"repeat","background-position":"center center","background-size":"auto","background-attachment":"scroll","background-type":"","background-media":"","overlay-type":"","overlay-color":"","overlay-opacity":"","overlay-gradient":""},"mobile":{"background-color":"var(--ast-global-color-5)","background-image":"","background-repeat":"repeat","background-position":"center center","background-size":"auto","background-attachment":"scroll","background-type":"","background-media":"","overlay-type":"","overlay-color":"","overlay-opacity":"","overlay-gradient":""}},"footnotes":""},"class_list":["post-1717","page","type-page","status-publish","hentry","desktop-align-left","tablet-align-left","mobile-align-left"],"uagb_featured_image_src":{"full":false,"thumbnail":false,"medium":false,"medium_large":false,"large":false,"1536x1536":false,"2048x2048":false,"woocommerce_thumbnail":false,"woocommerce_single":false,"woocommerce_gallery_thumbnail":false},"uagb_author_info":{"display_name":"FAISAL","author_link":"https:\/\/craftnadia.com\/?author=1"},"uagb_comment_info":0,"uagb_excerpt":"Besoin d&rsquo;un pack ? Ou bien vous voulez personnaliser votre Box ?","_links":{"self":[{"href":"https:\/\/craftnadia.com\/index.php?rest_route=\/wp\/v2\/pages\/1717","targetHints":{"allow":["GET"]}}],"collection":[{"href":"https:\/\/craftnadia.com\/index.php?rest_route=\/wp\/v2\/pages"}],"about":[{"href":"https:\/\/craftnadia.com\/index.php?rest_route=\/wp\/v2\/types\/page"}],"author":[{"embeddable":true,"href":"https:\/\/craftnadia.com\/index.php?rest_route=\/wp\/v2\/users\/1"}],"replies":[{"embeddable":true,"href":"https:\/\/craftnadia.com\/index.php?rest_route=%2Fwp%2Fv2%2Fcomments&post=1717"}],"version-history":[{"count":53,"href":"https:\/\/craftnadia.com\/index.php?rest_route=\/wp\/v2\/pages\/1717\/revisions"}],"predecessor-version":[{"id":2079,"href":"https:\/\/craftnadia.com\/index.php?rest_route=\/wp\/v2\/pages\/1717\/revisions\/2079"}],"wp:attachment":[{"href":"https:\/\/craftnadia.com\/index.php?rest_route=%2Fwp%2Fv2%2Fmedia&parent=1717"}],"curies":[{"name":"wp","href":"https:\/\/api.w.org\/{rel}","templated":true}]}}