{"id":1974,"date":"2026-02-20T14:44:44","date_gmt":"2026-02-20T14:44:44","guid":{"rendered":"https:\/\/craftnadia.com\/?post_type=product&#038;p=1974"},"modified":"2026-04-06T18:58:29","modified_gmt":"2026-04-06T18:58:29","slug":"fuse-et-avion","status":"publish","type":"product","link":"https:\/\/craftnadia.com\/?product=fuse-et-avion","title":{"rendered":"Fus\u00e9 et Avion"},"content":{"rendered":"<h3 data-start=\"76\" data-end=\"125\"><strong data-start=\"80\" data-end=\"125\">Th\u00e8me Cr\u00e9atif Pl\u00e2tre \u00e0 Peindre<\/strong><\/h3>\n<p data-start=\"127\" data-end=\"382\">Lib\u00e9rez l&rsquo;imagination de vos enfants avec ce th\u00e8me de <strong data-start=\"187\" data-end=\"213\">\u00a02 figurines en pl\u00e2tre<\/strong> pr\u00eates \u00e0 \u00eatre peintes !\u00a0 Parfait pour stimuler leur cr\u00e9ativit\u00e9 tout en s&rsquo;amusant !<\/p>\n<p data-start=\"384\" data-end=\"401\">Le kit comprend :<\/p>\n<ul data-start=\"402\" data-end=\"568\">\n<li data-start=\"402\" data-end=\"440\">\n<p data-start=\"404\" data-end=\"440\"><strong>2 figurines en pl\u00e2tre \u00e0 peindre<\/strong><\/p>\n<\/li>\n<li data-start=\"441\" data-end=\"480\">\n<p data-start=\"443\" data-end=\"480\"><strong>1 pinceaux<\/strong><\/p>\n<\/li>\n<li data-start=\"481\" data-end=\"525\">\n<p data-start=\"483\" data-end=\"525\"><strong>3 pots de peinture aux couleurs vives<\/strong><\/p>\n<\/li>\n<\/ul>\n<p data-start=\"570\" data-end=\"766\">Id\u00e9al pour des moments cr\u00e9atifs en famille, ce pack offre une activit\u00e9 ludique qui d\u00e9veloppe la motricit\u00e9 fine et l\u2019imagination des enfants. Parfait pour un cadeau ou une activit\u00e9 d&rsquo;anniversaire !<\/p>\n","protected":false},"excerpt":{"rendered":"<p>Th\u00e8me Cr\u00e9atif Pl\u00e2tre \u00e0 Peindre Lib\u00e9rez l&rsquo;imagination de vos enfants avec ce th\u00e8me de \u00a02 figurines en pl\u00e2tre pr\u00eates \u00e0 \u00eatre peintes !\u00a0 Parfait pour stimuler leur cr\u00e9ativit\u00e9 tout en s&rsquo;amusant ! Le kit comprend : 2 figurines en pl\u00e2tre \u00e0 peindre 1 pinceaux 3 pots de peinture aux couleurs vives Id\u00e9al pour des moments [&hellip;]<\/p>\n","protected":false},"featured_media":1969,"template":"","meta":{"_uag_custom_page_level_css":"","site-sidebar-layout":"default","site-content-layout":"","ast-site-content-layout":"default","site-content-style":"default","site-sidebar-style":"default","ast-global-header-display":"","ast-banner-title-visibility":"","ast-main-header-display":"","ast-hfb-above-header-display":"","ast-hfb-below-header-display":"","ast-hfb-mobile-header-display":"","site-post-title":"","ast-breadcrumbs-content":"","ast-featured-img":"","footer-sml-layout":"","ast-disable-related-posts":"","theme-transparent-header-meta":"default","adv-header-id-meta":"","stick-header-meta":"","header-above-stick-meta":"","header-main-stick-meta":"","header-below-stick-meta":"","astra-migrate-meta-layouts":"set","ast-page-background-enabled":"default","ast-page-background-meta":{"desktop":{"background-color":"","background-image":"","background-repeat":"repeat","background-position":"center center","background-size":"auto","background-attachment":"scroll","background-type":"","background-media":"","overlay-type":"","overlay-color":"","overlay-opacity":"","overlay-gradient":""},"tablet":{"background-color":"","background-image":"","background-repeat":"repeat","background-position":"center center","background-size":"auto","background-attachment":"scroll","background-type":"","background-media":"","overlay-type":"","overlay-color":"","overlay-opacity":"","overlay-gradient":""},"mobile":{"background-color":"","background-image":"","background-repeat":"repeat","background-position":"center center","background-size":"auto","background-attachment":"scroll","background-type":"","background-media":"","overlay-type":"","overlay-color":"","overlay-opacity":"","overlay-gradient":""}},"ast-content-background-meta":{"desktop":{"background-color":"var(--ast-global-color-5)","background-image":"","background-repeat":"repeat","background-position":"center center","background-size":"auto","background-attachment":"scroll","background-type":"","background-media":"","overlay-type":"","overlay-color":"","overlay-opacity":"","overlay-gradient":""},"tablet":{"background-color":"var(--ast-global-color-5)","background-image":"","background-repeat":"repeat","background-position":"center center","background-size":"auto","background-attachment":"scroll","background-type":"","background-media":"","overlay-type":"","overlay-color":"","overlay-opacity":"","overlay-gradient":""},"mobile":{"background-color":"var(--ast-global-color-5)","background-image":"","background-repeat":"repeat","background-position":"center center","background-size":"auto","background-attachment":"scroll","background-type":"","background-media":"","overlay-type":"","overlay-color":"","overlay-opacity":"","overlay-gradient":""}}},"product_brand":[],"product_cat":[24],"product_tag":[],"class_list":{"0":"post-1974","1":"product","2":"type-product","3":"status-publish","4":"has-post-thumbnail","6":"product_cat-themes","7":"desktop-align-left","8":"tablet-align-left","9":"mobile-align-left","11":"first","12":"instock","13":"shipping-taxable","14":"purchasable","15":"product-type-simple"},"uagb_featured_image_src":{"full":["https:\/\/craftnadia.com\/wp-content\/uploads\/2026\/02\/signal-2026-02-15-16-28-18-063-12.jpg",800,567,false],"thumbnail":["https:\/\/craftnadia.com\/wp-content\/uploads\/2026\/02\/signal-2026-02-15-16-28-18-063-12-150x150.jpg",150,150,true],"medium":["https:\/\/craftnadia.com\/wp-content\/uploads\/2026\/02\/signal-2026-02-15-16-28-18-063-12-300x213.jpg",300,213,true],"medium_large":["https:\/\/craftnadia.com\/wp-content\/uploads\/2026\/02\/signal-2026-02-15-16-28-18-063-12-768x544.jpg",768,544,true],"large":["https:\/\/craftnadia.com\/wp-content\/uploads\/2026\/02\/signal-2026-02-15-16-28-18-063-12.jpg",800,567,false],"1536x1536":["https:\/\/craftnadia.com\/wp-content\/uploads\/2026\/02\/signal-2026-02-15-16-28-18-063-12.jpg",800,567,false],"2048x2048":["https:\/\/craftnadia.com\/wp-content\/uploads\/2026\/02\/signal-2026-02-15-16-28-18-063-12.jpg",800,567,false],"woocommerce_thumbnail":["https:\/\/craftnadia.com\/wp-content\/uploads\/2026\/02\/signal-2026-02-15-16-28-18-063-12-300x300.jpg",300,300,true],"woocommerce_single":["https:\/\/craftnadia.com\/wp-content\/uploads\/2026\/02\/signal-2026-02-15-16-28-18-063-12-600x425.jpg",600,425,true],"woocommerce_gallery_thumbnail":["https:\/\/craftnadia.com\/wp-content\/uploads\/2026\/02\/signal-2026-02-15-16-28-18-063-12-100x100.jpg",100,100,true]},"uagb_author_info":{"display_name":"FAISAL","author_link":"https:\/\/craftnadia.com\/?author=0"},"uagb_comment_info":0,"uagb_excerpt":"Th\u00e8me Cr\u00e9atif Pl\u00e2tre \u00e0 Peindre Lib\u00e9rez l&rsquo;imagination de vos enfants avec ce th\u00e8me de \u00a02 figurines en pl\u00e2tre pr\u00eates \u00e0 \u00eatre peintes !\u00a0 Parfait pour stimuler leur cr\u00e9ativit\u00e9 tout en s&rsquo;amusant ! Le kit comprend : 2 figurines en pl\u00e2tre \u00e0 peindre 1 pinceaux 3 pots de peinture aux couleurs vives Id\u00e9al pour des moments\u2026","_links":{"self":[{"href":"https:\/\/craftnadia.com\/index.php?rest_route=\/wp\/v2\/product\/1974","targetHints":{"allow":["GET"]}}],"collection":[{"href":"https:\/\/craftnadia.com\/index.php?rest_route=\/wp\/v2\/product"}],"about":[{"href":"https:\/\/craftnadia.com\/index.php?rest_route=\/wp\/v2\/types\/product"}],"wp:featuredmedia":[{"embeddable":true,"href":"https:\/\/craftnadia.com\/index.php?rest_route=\/wp\/v2\/media\/1969"}],"wp:attachment":[{"href":"https:\/\/craftnadia.com\/index.php?rest_route=%2Fwp%2Fv2%2Fmedia&parent=1974"}],"wp:term":[{"taxonomy":"product_brand","embeddable":true,"href":"https:\/\/craftnadia.com\/index.php?rest_route=%2Fwp%2Fv2%2Fproduct_brand&post=1974"},{"taxonomy":"product_cat","embeddable":true,"href":"https:\/\/craftnadia.com\/index.php?rest_route=%2Fwp%2Fv2%2Fproduct_cat&post=1974"},{"taxonomy":"product_tag","embeddable":true,"href":"https:\/\/craftnadia.com\/index.php?rest_route=%2Fwp%2Fv2%2Fproduct_tag&post=1974"}],"curies":[{"name":"wp","href":"https:\/\/api.w.org\/{rel}","templated":true}]}}